{"id":7,"date":"2021-01-05T16:47:58","date_gmt":"2021-01-05T21:47:58","guid":{"rendered":"https:\/\/gpsites.co\/search\/?page_id=7"},"modified":"2025-09-11T17:31:02","modified_gmt":"2025-09-11T17:31:02","slug":"punto-pyme","status":"publish","type":"page","link":"https:\/\/puntopyme.org\/","title":{"rendered":"Punto Servicios PYMES"},"content":{"rendered":"<div class=\"gb-container gb-container-c1f1455e\">\n<div class=\"gb-container gb-container-07146b05\">\n<div class=\"gb-container gb-container-a9445b77\">\n\n<h1 class=\"gb-headline gb-headline-6758775c gb-headline-text\">Servicios especializados de gesti\u00f3n empresarial.<\/h1>\n\n\n\n<p>Entidad especializada en la prestaci\u00f3n de servicios estrat\u00e9gicos para empresas.<\/p>\n\n\n\n<a class=\"gb-button gb-button-03be1ffa gb-button-text button\" href=\"#contacto\">Contacto<\/a>\n\n<\/div>\n\n<div class=\"gb-container gb-container-b646afd2\">\n<div class=\"wp-block-image is-resized\">\n<figure class=\"aligncenter size-full\"><img loading=\"lazy\" decoding=\"async\" width=\"500\" height=\"500\" src=\"https:\/\/puntopyme.org\/wp-content\/uploads\/2025\/02\/LOGO-PUNTOPYME-WEBP-TRANS.webp\" alt=\"\" class=\"wp-image-2458\" style=\"width:374px;height:auto\" srcset=\"https:\/\/puntopyme.org\/wp-content\/uploads\/2025\/02\/LOGO-PUNTOPYME-WEBP-TRANS.webp 500w, https:\/\/puntopyme.org\/wp-content\/uploads\/2025\/02\/LOGO-PUNTOPYME-WEBP-TRANS-300x300.webp 300w, https:\/\/puntopyme.org\/wp-content\/uploads\/2025\/02\/LOGO-PUNTOPYME-WEBP-TRANS-150x150.webp 150w\" sizes=\"auto, (max-width: 500px) 100vw, 500px\" \/><\/figure>\n<\/div>\n<\/div>\n<\/div>\n<div class=\"gb-shapes\"><div class=\"gb-shape gb-shape-1\"><svg xmlns=\"http:\/\/www.w3.org\/2000\/svg\" viewBox=\"0 0 1200 100\" preserveAspectRatio=\"none\"><path d=\"M1200 100H0V0l400 77.2L1200 0z\"\/><\/svg><\/div><\/div><\/div>\n\n<div class=\"gb-container gb-container-4be02b6a\">\n<div class=\"gb-container gb-container-aeb0c06f\">\n<div class=\"gb-container gb-container-50c092b4\" style=\"--background-image: url(https:\/\/puntopyme.org\/wp-content\/uploads\/2025\/03\/PSP.webp);\"><\/div>\n\n<div class=\"gb-container gb-container-b733da9b\">\n\n<h2 class=\"gb-headline gb-headline-18b900c7 gb-headline-text\">\u00bfQu\u00e9 es PSP?<\/h2>\n\n\n\n<p>Entidad que centraliza distintas soluciones empresariales en un mismo grupo. Su objetivo es facilitar la gesti\u00f3n y optimizaci\u00f3n de procesos en diferentes \u00e1reas estrat\u00e9gicas.<\/p>\n\n\n\n<p>En la actualidad ofrecemos apoyo en las \u00e1reas de consultor\u00eda de estructuraci\u00f3n empresarial, asesor\u00eda fiscal, contable y laboral, subvenciones, publicidad y RRHH.<\/p>\n\n<\/div>\n<\/div>\n<\/div>\n\n<div class=\"gb-container gb-container-ae52d105\" id=\"contacto\">\n\n<div style=\"height:34px\" aria-hidden=\"true\" class=\"wp-block-spacer\"><\/div>\n\n\n\n<style id=\"wpforms-css-vars-2475\">\n\t\t\t\t#wpforms-2475 {\n\t\t\t\t\n\t\t\t}\n\t\t\t<\/style><div class=\"wpforms-container wpforms-container-full wpforms-render-modern\" id=\"wpforms-2475\"><form id=\"wpforms-form-2475\" class=\"wpforms-validate wpforms-form wpforms-ajax-form\" data-formid=\"2475\" method=\"post\" enctype=\"multipart\/form-data\" action=\"\/index.php\/wp-json\/wp\/v2\/pages\/7\" data-token=\"03ee014ad884c0c876fca0e14cdc0059\" data-token-time=\"1776425440\"><noscript class=\"wpforms-error-noscript\">Por favor, activa JavaScript en tu navegador para completar este formulario.<\/noscript><div id=\"wpforms-error-noscript\" style=\"display: none;\">Por favor, activa JavaScript en tu navegador para completar este formulario.<\/div><div class=\"wpforms-field-container\"><div id=\"wpforms-2475-field_1-container\" class=\"wpforms-field wpforms-field-name\" data-field-id=\"1\"><label class=\"wpforms-field-label\" for=\"wpforms-2475-field_1\">Nombre <span class=\"wpforms-required-label\" aria-hidden=\"true\">*<\/span><\/label><input type=\"text\" id=\"wpforms-2475-field_1\" class=\"wpforms-field-large wpforms-field-required\" name=\"wpforms[fields][1]\" aria-errormessage=\"wpforms-2475-field_1-error\" required><\/div><div id=\"wpforms-2475-field_2-container\" class=\"wpforms-field wpforms-field-email\" data-field-id=\"2\"><label class=\"wpforms-field-label\" for=\"wpforms-2475-field_2\">Correo electr\u00f3nico <span class=\"wpforms-required-label\" aria-hidden=\"true\">*<\/span><\/label><input type=\"email\" id=\"wpforms-2475-field_2\" class=\"wpforms-field-medium wpforms-field-required\" name=\"wpforms[fields][2]\" spellcheck=\"false\" aria-errormessage=\"wpforms-2475-field_2-error\" required><\/div>\t\t<div id=\"wpforms-2475-field_4-container\"\n\t\t\tclass=\"wpforms-field wpforms-field-text\"\n\t\t\tdata-field-type=\"text\"\n\t\t\tdata-field-id=\"4\"\n\t\t\t>\n\t\t\t<label class=\"wpforms-field-label\" for=\"wpforms-2475-field_4\" >te qu\u00e9 electr\u00f3nico<\/label>\n\t\t\t<input type=\"text\" id=\"wpforms-2475-field_4\" class=\"wpforms-field-medium\" name=\"wpforms[fields][4]\" >\n\t\t<\/div>\n\t\t<div id=\"wpforms-2475-field_3-container\" class=\"wpforms-field wpforms-field-textarea\" data-field-id=\"3\"><label class=\"wpforms-field-label\" for=\"wpforms-2475-field_3\">Cu\u00e9ntanos en qu\u00e9 te podemos ayudar<\/label><textarea id=\"wpforms-2475-field_3\" class=\"wpforms-field-medium\" name=\"wpforms[fields][3]\" aria-errormessage=\"wpforms-2475-field_3-error\" ><\/textarea><\/div><script>\n\t\t\t\t( function() {\n\t\t\t\t\tconst style = document.createElement( 'style' );\n\t\t\t\t\tstyle.appendChild( document.createTextNode( '#wpforms-2475-field_4-container { position: absolute !important; overflow: hidden !important; display: inline !important; height: 1px !important; width: 1px !important; z-index: -1000 !important; padding: 0 !important; } #wpforms-2475-field_4-container input { visibility: hidden; } #wpforms-conversational-form-page #wpforms-2475-field_4-container label { counter-increment: none; }' ) );\n\t\t\t\t\tdocument.head.appendChild( style );\n\t\t\t\t\tdocument.currentScript?.remove();\n\t\t\t\t} )();\n\t\t\t<\/script><\/div><!-- .wpforms-field-container --><div class=\"wpforms-submit-container\" ><input type=\"hidden\" name=\"wpforms[id]\" value=\"2475\"><input type=\"hidden\" name=\"page_title\" value=\"\"><input type=\"hidden\" name=\"page_url\" value=\"https:\/\/puntopyme.org\/index.php\/wp-json\/wp\/v2\/pages\/7\"><input type=\"hidden\" name=\"url_referer\" value=\"\"><button type=\"submit\" name=\"wpforms[submit]\" id=\"wpforms-submit-2475\" class=\"wpforms-submit\" data-alt-text=\"Enviando...\" data-submit-text=\"Enviar\" aria-live=\"assertive\" value=\"wpforms-submit\">Enviar<\/button><img loading=\"lazy\" decoding=\"async\" src=\"https:\/\/puntopyme.org\/wp-content\/plugins\/wpforms-lite\/assets\/images\/submit-spin.svg\" class=\"wpforms-submit-spinner\" style=\"display: none;\" width=\"26\" height=\"26\" alt=\"Cargando\"><\/div><\/form><\/div>  <!-- .wpforms-container -->\n\n\n\n<div style=\"height:34px\" aria-hidden=\"true\" class=\"wp-block-spacer\"><\/div>\n\n<\/div>\n\n\n<p><\/p>\n","protected":false},"excerpt":{"rendered":"<p>Servicios especializados de gesti\u00f3n empresarial. Entidad especializada en la prestaci\u00f3n de servicios estrat\u00e9gicos para empresas. \u00bfQu\u00e9 es PSP? Entidad que centraliza distintas soluciones empresariales en &#8230; <a title=\"Punto Servicios PYMES\" class=\"read-more\" href=\"https:\/\/puntopyme.org\/\" aria-label=\"Leer m\u00e1s sobre Punto Servicios PYMES\">Read More<\/a><\/p>\n","protected":false},"author":1,"featured_media":0,"parent":0,"menu_order":0,"comment_status":"closed","ping_status":"closed","template":"","meta":{"footnotes":""},"class_list":["post-7","page","type-page","status-publish"],"yoast_head":"<!-- This site is optimized with the Yoast SEO plugin v26.7 - https:\/\/yoast.com\/wordpress\/plugins\/seo\/ -->\n<title>Punto Servicios PYMES - Punto PYME<\/title>\n<meta name=\"description\" content=\"Entidad especializada en la prestaci\u00f3n de servicios estrat\u00e9gicos para empresas. Punto PYME acompa\u00f1ando a las empresas.\" \/>\n<meta name=\"robots\" content=\"index, follow, max-snippet:-1, max-image-preview:large, max-video-preview:-1\" \/>\n<link rel=\"canonical\" href=\"https:\/\/puntopyme.org\/\" \/>\n<meta property=\"og:locale\" content=\"es_ES\" \/>\n<meta property=\"og:type\" content=\"article\" \/>\n<meta property=\"og:title\" content=\"Punto PYME\" \/>\n<meta property=\"og:description\" content=\"Entidad especializada en la prestaci\u00f3n de servicios estrat\u00e9gicos para empresas.\" \/>\n<meta property=\"og:url\" content=\"https:\/\/puntopyme.org\/\" \/>\n<meta property=\"og:site_name\" content=\"Punto PYME\" \/>\n<meta property=\"article:modified_time\" content=\"2025-09-11T17:31:02+00:00\" \/>\n<meta property=\"og:image\" content=\"https:\/\/puntopyme.org\/wp-content\/uploads\/2025\/02\/LOGO-PUNTOPYME-WEBP-TRANS.webp\" \/>\n\t<meta property=\"og:image:width\" content=\"500\" \/>\n\t<meta property=\"og:image:height\" content=\"500\" \/>\n\t<meta property=\"og:image:type\" content=\"image\/webp\" \/>\n<meta name=\"twitter:card\" content=\"summary_large_image\" \/>\n<meta name=\"twitter:title\" content=\"Punto PYME\" \/>\n<meta name=\"twitter:description\" content=\"Entidad especializada en la prestaci\u00f3n de servicios estrat\u00e9gicos para empresas.\" \/>\n<meta name=\"twitter:label1\" content=\"Tiempo de lectura\" \/>\n\t<meta name=\"twitter:data1\" content=\"1 minuto\" \/>\n<script type=\"application\/ld+json\" class=\"yoast-schema-graph\">{\"@context\":\"https:\/\/schema.org\",\"@graph\":[{\"@type\":\"WebPage\",\"@id\":\"https:\/\/puntopyme.org\/\",\"url\":\"https:\/\/puntopyme.org\/\",\"name\":\"Punto Servicios PYMES - Punto PYME\",\"isPartOf\":{\"@id\":\"https:\/\/puntopyme.org\/#website\"},\"primaryImageOfPage\":{\"@id\":\"https:\/\/puntopyme.org\/#primaryimage\"},\"image\":{\"@id\":\"https:\/\/puntopyme.org\/#primaryimage\"},\"thumbnailUrl\":\"https:\/\/puntopyme.org\/wp-content\/uploads\/2025\/02\/LOGO-PUNTOPYME-WEBP-TRANS.webp\",\"datePublished\":\"2021-01-05T21:47:58+00:00\",\"dateModified\":\"2025-09-11T17:31:02+00:00\",\"description\":\"Entidad especializada en la prestaci\u00f3n de servicios estrat\u00e9gicos para empresas. Punto PYME acompa\u00f1ando a las empresas.\",\"breadcrumb\":{\"@id\":\"https:\/\/puntopyme.org\/#breadcrumb\"},\"inLanguage\":\"es\",\"potentialAction\":[{\"@type\":\"ReadAction\",\"target\":[\"https:\/\/puntopyme.org\/\"]}]},{\"@type\":\"ImageObject\",\"inLanguage\":\"es\",\"@id\":\"https:\/\/puntopyme.org\/#primaryimage\",\"url\":\"https:\/\/puntopyme.org\/wp-content\/uploads\/2025\/02\/LOGO-PUNTOPYME-WEBP-TRANS.webp\",\"contentUrl\":\"https:\/\/puntopyme.org\/wp-content\/uploads\/2025\/02\/LOGO-PUNTOPYME-WEBP-TRANS.webp\",\"width\":500,\"height\":500,\"caption\":\"Servicios para PYME,s\"},{\"@type\":\"BreadcrumbList\",\"@id\":\"https:\/\/puntopyme.org\/#breadcrumb\",\"itemListElement\":[{\"@type\":\"ListItem\",\"position\":1,\"name\":\"Portada\",\"item\":\"https:\/\/puntopyme.org\/\"},{\"@type\":\"ListItem\",\"position\":2,\"name\":\"Punto Servicios PYMES\"}]},{\"@type\":\"WebSite\",\"@id\":\"https:\/\/puntopyme.org\/#website\",\"url\":\"https:\/\/puntopyme.org\/\",\"name\":\"Punto PYME\",\"description\":\"PSP\",\"publisher\":{\"@id\":\"https:\/\/puntopyme.org\/#organization\"},\"alternateName\":\"Servicios para PYME,s\",\"potentialAction\":[{\"@type\":\"SearchAction\",\"target\":{\"@type\":\"EntryPoint\",\"urlTemplate\":\"https:\/\/puntopyme.org\/?s={search_term_string}\"},\"query-input\":{\"@type\":\"PropertyValueSpecification\",\"valueRequired\":true,\"valueName\":\"search_term_string\"}}],\"inLanguage\":\"es\"},{\"@type\":\"Organization\",\"@id\":\"https:\/\/puntopyme.org\/#organization\",\"name\":\"Punto Servicios PYME,s\",\"alternateName\":\"PSP\",\"url\":\"https:\/\/puntopyme.org\/\",\"logo\":{\"@type\":\"ImageObject\",\"inLanguage\":\"es\",\"@id\":\"https:\/\/puntopyme.org\/#\/schema\/logo\/image\/\",\"url\":\"https:\/\/puntopyme.org\/wp-content\/uploads\/2025\/02\/LOGO-PUNTOPYME-WEBP-TRANS.webp\",\"contentUrl\":\"https:\/\/puntopyme.org\/wp-content\/uploads\/2025\/02\/LOGO-PUNTOPYME-WEBP-TRANS.webp\",\"width\":500,\"height\":500,\"caption\":\"Punto Servicios PYME,s\"},\"image\":{\"@id\":\"https:\/\/puntopyme.org\/#\/schema\/logo\/image\/\"}}]}<\/script>\n<!-- \/ Yoast SEO plugin. -->","yoast_head_json":{"title":"Punto Servicios PYMES - Punto PYME","description":"Entidad especializada en la prestaci\u00f3n de servicios estrat\u00e9gicos para empresas. Punto PYME acompa\u00f1ando a las empresas.","robots":{"index":"index","follow":"follow","max-snippet":"max-snippet:-1","max-image-preview":"max-image-preview:large","max-video-preview":"max-video-preview:-1"},"canonical":"https:\/\/puntopyme.org\/","og_locale":"es_ES","og_type":"article","og_title":"Punto PYME","og_description":"Entidad especializada en la prestaci\u00f3n de servicios estrat\u00e9gicos para empresas.","og_url":"https:\/\/puntopyme.org\/","og_site_name":"Punto PYME","article_modified_time":"2025-09-11T17:31:02+00:00","og_image":[{"width":500,"height":500,"url":"https:\/\/puntopyme.org\/wp-content\/uploads\/2025\/02\/LOGO-PUNTOPYME-WEBP-TRANS.webp","type":"image\/webp"}],"twitter_card":"summary_large_image","twitter_title":"Punto PYME","twitter_description":"Entidad especializada en la prestaci\u00f3n de servicios estrat\u00e9gicos para empresas.","twitter_misc":{"Tiempo de lectura":"1 minuto"},"schema":{"@context":"https:\/\/schema.org","@graph":[{"@type":"WebPage","@id":"https:\/\/puntopyme.org\/","url":"https:\/\/puntopyme.org\/","name":"Punto Servicios PYMES - Punto PYME","isPartOf":{"@id":"https:\/\/puntopyme.org\/#website"},"primaryImageOfPage":{"@id":"https:\/\/puntopyme.org\/#primaryimage"},"image":{"@id":"https:\/\/puntopyme.org\/#primaryimage"},"thumbnailUrl":"https:\/\/puntopyme.org\/wp-content\/uploads\/2025\/02\/LOGO-PUNTOPYME-WEBP-TRANS.webp","datePublished":"2021-01-05T21:47:58+00:00","dateModified":"2025-09-11T17:31:02+00:00","description":"Entidad especializada en la prestaci\u00f3n de servicios estrat\u00e9gicos para empresas. Punto PYME acompa\u00f1ando a las empresas.","breadcrumb":{"@id":"https:\/\/puntopyme.org\/#breadcrumb"},"inLanguage":"es","potentialAction":[{"@type":"ReadAction","target":["https:\/\/puntopyme.org\/"]}]},{"@type":"ImageObject","inLanguage":"es","@id":"https:\/\/puntopyme.org\/#primaryimage","url":"https:\/\/puntopyme.org\/wp-content\/uploads\/2025\/02\/LOGO-PUNTOPYME-WEBP-TRANS.webp","contentUrl":"https:\/\/puntopyme.org\/wp-content\/uploads\/2025\/02\/LOGO-PUNTOPYME-WEBP-TRANS.webp","width":500,"height":500,"caption":"Servicios para PYME,s"},{"@type":"BreadcrumbList","@id":"https:\/\/puntopyme.org\/#breadcrumb","itemListElement":[{"@type":"ListItem","position":1,"name":"Portada","item":"https:\/\/puntopyme.org\/"},{"@type":"ListItem","position":2,"name":"Punto Servicios PYMES"}]},{"@type":"WebSite","@id":"https:\/\/puntopyme.org\/#website","url":"https:\/\/puntopyme.org\/","name":"Punto PYME","description":"PSP","publisher":{"@id":"https:\/\/puntopyme.org\/#organization"},"alternateName":"Servicios para PYME,s","potentialAction":[{"@type":"SearchAction","target":{"@type":"EntryPoint","urlTemplate":"https:\/\/puntopyme.org\/?s={search_term_string}"},"query-input":{"@type":"PropertyValueSpecification","valueRequired":true,"valueName":"search_term_string"}}],"inLanguage":"es"},{"@type":"Organization","@id":"https:\/\/puntopyme.org\/#organization","name":"Punto Servicios PYME,s","alternateName":"PSP","url":"https:\/\/puntopyme.org\/","logo":{"@type":"ImageObject","inLanguage":"es","@id":"https:\/\/puntopyme.org\/#\/schema\/logo\/image\/","url":"https:\/\/puntopyme.org\/wp-content\/uploads\/2025\/02\/LOGO-PUNTOPYME-WEBP-TRANS.webp","contentUrl":"https:\/\/puntopyme.org\/wp-content\/uploads\/2025\/02\/LOGO-PUNTOPYME-WEBP-TRANS.webp","width":500,"height":500,"caption":"Punto Servicios PYME,s"},"image":{"@id":"https:\/\/puntopyme.org\/#\/schema\/logo\/image\/"}}]}},"_links":{"self":[{"href":"https:\/\/puntopyme.org\/index.php\/wp-json\/wp\/v2\/pages\/7","targetHints":{"allow":["GET"]}}],"collection":[{"href":"https:\/\/puntopyme.org\/index.php\/wp-json\/wp\/v2\/pages"}],"about":[{"href":"https:\/\/puntopyme.org\/index.php\/wp-json\/wp\/v2\/types\/page"}],"author":[{"embeddable":true,"href":"https:\/\/puntopyme.org\/index.php\/wp-json\/wp\/v2\/users\/1"}],"replies":[{"embeddable":true,"href":"https:\/\/puntopyme.org\/index.php\/wp-json\/wp\/v2\/comments?post=7"}],"version-history":[{"count":17,"href":"https:\/\/puntopyme.org\/index.php\/wp-json\/wp\/v2\/pages\/7\/revisions"}],"predecessor-version":[{"id":2513,"href":"https:\/\/puntopyme.org\/index.php\/wp-json\/wp\/v2\/pages\/7\/revisions\/2513"}],"wp:attachment":[{"href":"https:\/\/puntopyme.org\/index.php\/wp-json\/wp\/v2\/media?parent=7"}],"curies":[{"name":"wp","href":"https:\/\/api.w.org\/{rel}","templated":true}]}}